{"id":6525,"date":"2021-04-07T09:01:30","date_gmt":"2021-04-07T09:01:30","guid":{"rendered":"https:\/\/ciudaddeportivaartica.es\/beauty-spa-artikan\/tratamenduak\/erlaxazio-eta-edertasun-pack-ak\/"},"modified":"2021-04-08T10:49:54","modified_gmt":"2021-04-08T10:49:54","slug":"erlaxazio-eta-edertasun-pack-ak","status":"publish","type":"page","link":"https:\/\/ciudaddeportivaartica.es\/eu\/beauty-spa-artikan\/tratamenduak\/erlaxazio-eta-edertasun-pack-ak\/","title":{"rendered":"Erlaxazio eta Edertasun pack-ak"},"content":{"rendered":"<p>[et_pb_section fb_built=&#8221;1&#8243; _builder_version=&#8221;4.1&#8243; background_image=&#8221;https:\/\/ciudaddeportivaartica.es\/wp-content\/uploads\/2020\/01\/gesportspaandbeautytratamientosfacialesslider.jpg&#8221; collapsed=&#8221;on&#8221;][et_pb_row _builder_version=&#8221;4.0.11&#8243; custom_padding=&#8221;0px||9px||false|false&#8221;][et_pb_column type=&#8221;4_4&#8243; _builder_version=&#8221;4.0.9&#8243;][et_pb_text admin_label=&#8221;tratamientos&#8221; _builder_version=&#8221;4.1&#8243; header_font=&#8221;|700|||||||&#8221; header_text_align=&#8221;center&#8221; header_text_color=&#8221;#ffffff&#8221; header_font_size=&#8221;3.5em&#8221; header_letter_spacing=&#8221;10px&#8221; header_font_size_tablet=&#8221;3.2em&#8221; header_font_size_phone=&#8221;2em&#8221; header_font_size_last_edited=&#8221;on|phone&#8221;]<\/p>\n<h1 class=\"h1SliderInterior\">tratamenduak<\/h1>\n<p>[\/et_pb_text][\/et_pb_column][\/et_pb_row][\/et_pb_section][et_pb_section fb_built=&#8221;1&#8243; fullwidth=&#8221;on&#8221; _builder_version=&#8221;4.1&#8243; saved_tabs=&#8221;all&#8221; locked=&#8221;on&#8221; collapsed=&#8221;on&#8221;][et_pb_fullwidth_menu menu_id=&#8221;11&#8243; menu_style=&#8221;centered&#8221; fullwidth_menu=&#8221;on&#8221; active_link_color=&#8221;#000000&#8243; module_class=&#8221;menu-tratamientos&#8221; _builder_version=&#8221;4.0.11&#8243; menu_text_color=&#8221;#1d1d1b&#8221; module_alignment=&#8221;center&#8221; border_width_all=&#8221;1px&#8221; border_color_all=&#8221;#bebebe&#8221;][\/et_pb_fullwidth_menu][\/et_pb_section][et_pb_section fb_built=&#8221;1&#8243; _builder_version=&#8221;4.0.11&#8243; collapsed=&#8221;off&#8221;][et_pb_row _builder_version=&#8221;4.0.9&#8243; custom_margin=&#8221;||0px||false|false&#8221; custom_padding=&#8221;||0px||false|false&#8221;][et_pb_column type=&#8221;4_4&#8243; _builder_version=&#8221;4.0.9&#8243;][et_pb_text admin_label=&#8221;Spa Relax&#8221; _builder_version=&#8221;4.4.8&#8243; text_font=&#8221;|700|||||||&#8221; text_text_color=&#8221;#ffffff&#8221; text_font_size=&#8221;2.8em&#8221; text_line_height=&#8221;1.4em&#8221; header_text_color=&#8221;#ffffff&#8221; header_font_size=&#8221;0.7em&#8221; header_2_font=&#8221;|700||on|||||&#8221; header_2_text_color=&#8221;#762d7e&#8221; header_2_font_size=&#8221;0.7em&#8221; header_2_line_height=&#8221;1.2em&#8221; background_size=&#8221;initial&#8221; background_position=&#8221;top_left&#8221; background_repeat=&#8221;repeat&#8221; max_width=&#8221;1300px&#8221; custom_margin=&#8221;||0px||false|false&#8221; header_2_font_size_tablet=&#8221;&#8221; header_2_font_size_phone=&#8221;0.6em&#8221; header_2_font_size_last_edited=&#8221;on|phone&#8221;]<\/p>\n<h2>Spa Erlaxazioa<\/h2>\n<p>[\/et_pb_text][et_pb_divider color=&#8221;#762d7e&#8221; divider_position=&#8221;center&#8221; divider_weight=&#8221;15px&#8221; admin_label=&#8221;L\u00ednea morada&#8221; _builder_version=&#8221;4.1&#8243; width=&#8221;16%&#8221; width_tablet=&#8221;20%&#8221; width_phone=&#8221;60%&#8221; width_last_edited=&#8221;on|desktop&#8221; module_alignment=&#8221;left&#8221; height=&#8221;50px&#8221;][\/et_pb_divider][et_pb_text admin_label=&#8221; Cuando el estr\u00e9s del d\u00eda a d\u00eda nos supera,&#8230;&#8221; _builder_version=&#8221;4.4.8&#8243;]<\/p>\n<p> Eguneroko estresak gainditzen gaituenean, deskonektatzea da irtenbidea. Eta zer modurik onena hori egiteko, gure egun batzuetako pack-ak, ordubeteko Spa zirkuitua + aukeran dauden tratamenduak barne hartzen dituztenak baino.<\/p>\n<p>[\/et_pb_text][et_pb_divider show_divider=&#8221;off&#8221; _builder_version=&#8221;4.0.11&#8243;][\/et_pb_divider][\/et_pb_column][\/et_pb_row][et_pb_row column_structure=&#8221;1_2,1_2&#8243; use_custom_gutter=&#8221;on&#8221; gutter_width=&#8221;4&#8243; make_equal=&#8221;on&#8221; _builder_version=&#8221;4.0.11&#8243; max_width=&#8221;900px&#8221; module_alignment=&#8221;center&#8221;][et_pb_column type=&#8221;1_2&#8243; _builder_version=&#8221;4.0.11&#8243;][et_pb_image src=&#8221;https:\/\/ciudaddeportivaartica.es\/wp-content\/uploads\/2020\/06\/gesportpacksparelax.jpg&#8221; alt=&#8221;Ongizate integrala &#8221; title_text=&#8221;Ongizate integrala&#8221; url=&#8221;\/eu\/beauty-spa-artikan\/tratamenduak\/erlaxazio-eta-edertasun-pack-ak\/ongizate-integrala\/&#8221; align=&#8221;center&#8221; _builder_version=&#8221;4.9.3&#8243; hover_enabled=&#8221;0&#8243; sticky_enabled=&#8221;0&#8243;][\/et_pb_image][et_pb_text admin_label=&#8221;Bienestar Integral&#8221; _builder_version=&#8221;4.9.3&#8243; header_3_font=&#8221;|700|||||||&#8221; header_3_text_align=&#8221;center&#8221; header_3_text_color=&#8221;#ffffff&#8221; header_3_font_size=&#8221;24px&#8221; header_3_line_height=&#8221;1.2em&#8221; background_color=&#8221;#000000&#8243; custom_margin=&#8221;||||false|false&#8221; custom_padding=&#8221;8px||8px||false|false&#8221; link_option_url=&#8221;\/eu\/beauty-spa-artikan\/tratamenduak\/erlaxazio-eta-edertasun-pack-ak\/ongizate-integrala\/&#8221; hover_enabled=&#8221;0&#8243; sticky_enabled=&#8221;0&#8243;]<\/p>\n<h3>Ongizate integrala<\/h3>\n<p>[\/et_pb_text][et_pb_text admin_label=&#8221;3 d\u00edas&#8221; _builder_version=&#8221;4.4.8&#8243; text_font=&#8221;|300|||||||&#8221; text_orientation=&#8221;center&#8221; custom_margin=&#8221;||20px||false|false&#8221; custom_padding=&#8221;0px||||false|false&#8221;]<\/p>\n<p>3 egun<\/p>\n<p>[\/et_pb_text][et_pb_text admin_label=&#8221;Precio 133 \u20ac&#8221; _builder_version=&#8221;4.4.8&#8243; text_font=&#8221;||||||||&#8221; text_font_size=&#8221;28px&#8221; text_orientation=&#8221;center&#8221; custom_margin=&#8221;||10px||false|false&#8221; custom_padding=&#8221;||||false|false&#8221;]<\/p>\n<p>Prezioak <strong>133 \u20ac<\/strong><\/p>\n<p>[\/et_pb_text][et_pb_divider show_divider=&#8221;off&#8221; _builder_version=&#8221;4.0.11&#8243;][\/et_pb_divider][et_pb_text admin_label=&#8221;Botones&#8221; _builder_version=&#8221;4.9.3&#8243; text_text_color=&#8221;#000000&#8243; text_orientation=&#8221;center&#8221; link_option_url=&#8221;https:\/\/ciudaddeportivaartica.es\/eu\/beauty-spa-artikan\/tratamenduak\/aurpegikoak\/spa-tratamendu-ultra-hidratatzailea\/&#8221; hover_enabled=&#8221;0&#8243; sticky_enabled=&#8221;0&#8243;]<a class=\"btnNegro\" href=\"\/eu\/beauty-spa-artikan\/tratamenduak\/erlaxazio-eta-edertasun-pack-ak\/ongizate-integrala\/\">GEHIAGO JAKIN<\/a><a class=\"btnNegro\" href=\"https:\/\/artica.provis.es\/Login\" target=\"_blank\" rel=\"noopener noreferrer\">ERRESERBA-EROSKETA<\/a>[\/et_pb_text][et_pb_divider show_divider=&#8221;off&#8221; disabled_on=&#8221;off|on|on&#8221; _builder_version=&#8221;4.1&#8243;][\/et_pb_divider][\/et_pb_column][et_pb_column type=&#8221;1_2&#8243; _builder_version=&#8221;4.0.11&#8243;][et_pb_image src=&#8221;https:\/\/ciudaddeportivaartica.es\/wp-content\/uploads\/2020\/06\/gesportpacksparelaxbelleza.jpg&#8221; alt=&#8221;Spa errituala&#8221; title_text=&#8221;Spa errituala&#8221; url=&#8221;\/eu\/beauty-spa-artikan\/tratamenduak\/erlaxazio-eta-edertasun-pack-ak\/spa-errituala\/&#8221; align=&#8221;center&#8221; _builder_version=&#8221;4.9.3&#8243; hover_enabled=&#8221;0&#8243; sticky_enabled=&#8221;0&#8243;][\/et_pb_image][et_pb_text admin_label=&#8221;Spa Ritual&#8221; _builder_version=&#8221;4.9.3&#8243; header_3_font=&#8221;|700|||||||&#8221; header_3_text_align=&#8221;center&#8221; header_3_text_color=&#8221;#ffffff&#8221; header_3_font_size=&#8221;24px&#8221; header_3_line_height=&#8221;1.2em&#8221; background_color=&#8221;#000000&#8243; custom_padding=&#8221;8px||8px||false|false&#8221; link_option_url=&#8221;\/eu\/beauty-spa-artikan\/tratamenduak\/erlaxazio-eta-edertasun-pack-ak\/spa-errituala\/&#8221; hover_enabled=&#8221;0&#8243; sticky_enabled=&#8221;0&#8243;]<\/p>\n<h3>Spa errituala<\/h3>\n<p>[\/et_pb_text][et_pb_text admin_label=&#8221;3 d\u00edas&#8221; _builder_version=&#8221;4.4.8&#8243; text_font=&#8221;|300|||||||&#8221; text_orientation=&#8221;center&#8221; custom_margin=&#8221;||20px||false|false&#8221; custom_padding=&#8221;0px||||false|false&#8221;]<\/p>\n<p>3 egun<\/p>\n<p>[\/et_pb_text][et_pb_text admin_label=&#8221;Precio 154 \u20ac&#8221; _builder_version=&#8221;4.4.8&#8243; text_font=&#8221;||||||||&#8221; text_font_size=&#8221;28px&#8221; text_orientation=&#8221;center&#8221; custom_margin=&#8221;||10px||false|false&#8221; custom_padding=&#8221;||||false|false&#8221;]<\/p>\n<p>Prezioak <strong>154 \u20ac<\/strong><\/p>\n<p>[\/et_pb_text][et_pb_divider show_divider=&#8221;off&#8221; _builder_version=&#8221;4.0.11&#8243;][\/et_pb_divider][et_pb_text admin_label=&#8221;Botones&#8221; _builder_version=&#8221;4.9.3&#8243; text_text_color=&#8221;#000000&#8243; text_orientation=&#8221;center&#8221; link_option_url=&#8221;\/beauty-spa-artica\/tratamientos\/faciales\/spa-vitamina-c-antioxidante&#8221; hover_enabled=&#8221;0&#8243; sticky_enabled=&#8221;0&#8243;]<a class=\"btnNegro\" href=\"\/eu\/beauty-spa-artikan\/tratamenduak\/erlaxazio-eta-edertasun-pack-ak\/spa-errituala\/\">GEHIAGO JAKIN<\/a><a class=\"btnNegro\" href=\"https:\/\/artica.provis.es\/Login\" target=\"_blank\" rel=\"noopener noreferrer\">ERRESERBA-EROSKETA<\/a>[\/et_pb_text][et_pb_divider show_divider=&#8221;off&#8221; disabled_on=&#8221;off|on|on&#8221; _builder_version=&#8221;4.1&#8243;][\/et_pb_divider][\/et_pb_column][\/et_pb_row][\/et_pb_section][et_pb_section fb_built=&#8221;1&#8243; _builder_version=&#8221;4.0.11&#8243; collapsed=&#8221;off&#8221;][et_pb_row _builder_version=&#8221;4.0.9&#8243; custom_margin=&#8221;||0px||false|false&#8221; custom_padding=&#8221;||0px||false|false&#8221;][et_pb_column type=&#8221;4_4&#8243; _builder_version=&#8221;4.0.9&#8243;][et_pb_text admin_label=&#8221;Spa Relax Belleza&#8221; _builder_version=&#8221;4.4.8&#8243; text_font=&#8221;|700|||||||&#8221; text_text_color=&#8221;#ffffff&#8221; text_font_size=&#8221;2.8em&#8221; text_line_height=&#8221;1.4em&#8221; header_text_color=&#8221;#ffffff&#8221; header_font_size=&#8221;0.7em&#8221; header_2_font=&#8221;|700||on|||||&#8221; header_2_text_color=&#8221;#762d7e&#8221; header_2_font_size=&#8221;0.7em&#8221; header_2_line_height=&#8221;1.2em&#8221; background_size=&#8221;initial&#8221; background_position=&#8221;top_left&#8221; background_repeat=&#8221;repeat&#8221; max_width=&#8221;1300px&#8221; custom_margin=&#8221;||0px||false|false&#8221; header_2_font_size_tablet=&#8221;&#8221; header_2_font_size_phone=&#8221;0.6em&#8221; header_2_font_size_last_edited=&#8221;on|phone&#8221;]<\/p>\n<h2>Spa Erlaxazioa Edertasuna<\/h2>\n<p>[\/et_pb_text][et_pb_divider color=&#8221;#762d7e&#8221; divider_position=&#8221;center&#8221; divider_weight=&#8221;15px&#8221; admin_label=&#8221;L\u00ednea morada&#8221; _builder_version=&#8221;4.1&#8243; width=&#8221;16%&#8221; width_tablet=&#8221;20%&#8221; width_phone=&#8221;60%&#8221; width_last_edited=&#8221;on|desktop&#8221; module_alignment=&#8221;left&#8221; height=&#8221;50px&#8221;][\/et_pb_divider][et_pb_divider show_divider=&#8221;off&#8221; _builder_version=&#8221;4.0.11&#8243;][\/et_pb_divider][\/et_pb_column][\/et_pb_row][et_pb_row column_structure=&#8221;1_2,1_2&#8243; use_custom_gutter=&#8221;on&#8221; gutter_width=&#8221;4&#8243; make_equal=&#8221;on&#8221; _builder_version=&#8221;4.0.11&#8243; max_width=&#8221;900px&#8221; module_alignment=&#8221;center&#8221;][et_pb_column type=&#8221;1_2&#8243; _builder_version=&#8221;4.0.11&#8243;][et_pb_image src=&#8221;https:\/\/ciudaddeportivaartica.es\/wp-content\/uploads\/2020\/06\/gesportpackssparelaxoriente.jpg&#8221; alt=&#8221;Ekialdeko erlaxazioa&#8221; title_text=&#8221;Ekialdeko erlaxazioa&#8221; url=&#8221;\/eu\/beauty-spa-artikan\/tratamenduak\/erlaxazio-eta-edertasun-pack-ak\/ekialdeko-erlaxazioa\/&#8221; align=&#8221;center&#8221; _builder_version=&#8221;4.9.3&#8243; hover_enabled=&#8221;0&#8243; sticky_enabled=&#8221;0&#8243;][\/et_pb_image][et_pb_text admin_label=&#8221;Relax Oriente&#8221; _builder_version=&#8221;4.9.3&#8243; header_3_font=&#8221;|700|||||||&#8221; header_3_text_align=&#8221;center&#8221; header_3_text_color=&#8221;#ffffff&#8221; header_3_font_size=&#8221;24px&#8221; header_3_line_height=&#8221;1.2em&#8221; background_color=&#8221;#000000&#8243; custom_margin=&#8221;||||false|false&#8221; custom_padding=&#8221;8px||8px||false|false&#8221; link_option_url=&#8221;\/eu\/beauty-spa-artikan\/tratamenduak\/erlaxazio-eta-edertasun-pack-ak\/ekialdeko-erlaxazioa\/&#8221; hover_enabled=&#8221;0&#8243; sticky_enabled=&#8221;0&#8243;]<\/p>\n<h3>Ekialdeko erlaxazioa<\/h3>\n<p>[\/et_pb_text][et_pb_text admin_label=&#8221;2 d\u00edas&#8221; _builder_version=&#8221;4.4.8&#8243; text_font=&#8221;|300|||||||&#8221; text_orientation=&#8221;center&#8221; custom_margin=&#8221;||20px||false|false&#8221; custom_padding=&#8221;0px||||false|false&#8221;]<\/p>\n<p>2 egun<\/p>\n<p>[\/et_pb_text][et_pb_text admin_label=&#8221;Precio 103 \u20ac&#8221; _builder_version=&#8221;4.4.8&#8243; text_font=&#8221;||||||||&#8221; text_font_size=&#8221;28px&#8221; text_orientation=&#8221;center&#8221; custom_margin=&#8221;||10px||false|false&#8221; custom_padding=&#8221;||||false|false&#8221;]<\/p>\n<p>Prezioak <strong>103 \u20ac<\/strong><\/p>\n<p>[\/et_pb_text][et_pb_divider show_divider=&#8221;off&#8221; _builder_version=&#8221;4.0.11&#8243;][\/et_pb_divider][et_pb_text admin_label=&#8221;Botones&#8221; _builder_version=&#8221;4.9.3&#8243; text_text_color=&#8221;#000000&#8243; text_orientation=&#8221;center&#8221; link_option_url=&#8221;https:\/\/ciudaddeportivaartica.es\/eu\/beauty-spa-artikan\/tratamenduak\/aurpegikoak\/spa-tratamendu-ultra-hidratatzailea\/&#8221; hover_enabled=&#8221;0&#8243; sticky_enabled=&#8221;0&#8243;]<a class=\"btnNegro\" href=\"\/eu\/beauty-spa-artikan\/tratamenduak\/erlaxazio-eta-edertasun-pack-ak\/ekialdeko-erlaxazioa\/\">GEHIAGO JAKIN<\/a><a class=\"btnNegro\" href=\"https:\/\/artica.provis.es\/Login\" target=\"_blank\" rel=\"noopener noreferrer\">ERRESERBA-EROSKETA<\/a>[\/et_pb_text][et_pb_divider show_divider=&#8221;off&#8221; disabled_on=&#8221;off|on|on&#8221; _builder_version=&#8221;4.1&#8243;][\/et_pb_divider][\/et_pb_column][et_pb_column type=&#8221;1_2&#8243; _builder_version=&#8221;4.0.11&#8243;][et_pb_image src=&#8221;https:\/\/ciudaddeportivaartica.es\/wp-content\/uploads\/2020\/06\/gesportpackssparelaxybelleza.jpg&#8221; alt=&#8221;Erlaxazioa eta edertasuna&#8221; title_text=&#8221;Erlaxazioa eta edertasuna&#8221; url=&#8221;\/eu\/beauty-spa-artikan\/tratamenduak\/erlaxazio-eta-edertasun-pack-ak\/erlaxazioa-eta-edertasuna\/&#8221; align=&#8221;center&#8221; _builder_version=&#8221;4.9.3&#8243; hover_enabled=&#8221;0&#8243; sticky_enabled=&#8221;0&#8243;][\/et_pb_image][et_pb_text admin_label=&#8221;Relax y Belleza&#8221; _builder_version=&#8221;4.9.3&#8243; header_3_font=&#8221;|700|||||||&#8221; header_3_text_align=&#8221;center&#8221; header_3_text_color=&#8221;#ffffff&#8221; header_3_font_size=&#8221;24px&#8221; header_3_line_height=&#8221;1.2em&#8221; background_color=&#8221;#000000&#8243; custom_padding=&#8221;8px||8px||false|false&#8221; link_option_url=&#8221;\/eu\/beauty-spa-artikan\/tratamenduak\/erlaxazio-eta-edertasun-pack-ak\/erlaxazioa-eta-edertasuna\/&#8221; hover_enabled=&#8221;0&#8243; sticky_enabled=&#8221;0&#8243;]<\/p>\n<h3>Erlaxazioa eta edertasuna<\/h3>\n<p>[\/et_pb_text][et_pb_text admin_label=&#8221;2 d\u00edas&#8221; _builder_version=&#8221;4.4.8&#8243; text_font=&#8221;|300|||||||&#8221; text_orientation=&#8221;center&#8221; custom_margin=&#8221;||20px||false|false&#8221; custom_padding=&#8221;0px||||false|false&#8221;]<\/p>\n<p>2 egun<\/p>\n<p>[\/et_pb_text][et_pb_text admin_label=&#8221;Precio 87 \u20ac&#8221; _builder_version=&#8221;4.4.8&#8243; text_font=&#8221;||||||||&#8221; text_font_size=&#8221;28px&#8221; text_orientation=&#8221;center&#8221; custom_margin=&#8221;||10px||false|false&#8221; custom_padding=&#8221;||||false|false&#8221;]<\/p>\n<p>Prezioak <strong>87 \u20ac<\/strong><\/p>\n<p>[\/et_pb_text][et_pb_divider show_divider=&#8221;off&#8221; _builder_version=&#8221;4.0.11&#8243;][\/et_pb_divider][et_pb_text admin_label=&#8221;Botones&#8221; _builder_version=&#8221;4.9.3&#8243; text_text_color=&#8221;#000000&#8243; text_orientation=&#8221;center&#8221; link_option_url=&#8221;\/beauty-spa-artica\/tratamientos\/faciales\/spa-vitamina-c-antioxidante&#8221; hover_enabled=&#8221;0&#8243; sticky_enabled=&#8221;0&#8243;]<a class=\"btnNegro\" href=\"\/eu\/beauty-spa-artikan\/tratamenduak\/erlaxazio-eta-edertasun-pack-ak\/erlaxazioa-eta-edertasuna\/\">GEHIAGO JAKIN<\/a><a class=\"btnNegro\" href=\"https:\/\/artica.provis.es\/Login\" target=\"_blank\" rel=\"noopener noreferrer\">ERRESERBA-EROSKETA<\/a>[\/et_pb_text][et_pb_divider show_divider=&#8221;off&#8221; disabled_on=&#8221;off|on|on&#8221; _builder_version=&#8221;4.1&#8243;][\/et_pb_divider][\/et_pb_column][\/et_pb_row][et_pb_row column_structure=&#8221;1_2,1_2&#8243; use_custom_gutter=&#8221;on&#8221; gutter_width=&#8221;4&#8243; make_equal=&#8221;on&#8221; _builder_version=&#8221;4.0.11&#8243; max_width=&#8221;900px&#8221; module_alignment=&#8221;center&#8221;][et_pb_column type=&#8221;1_2&#8243; _builder_version=&#8221;4.0.11&#8243;][et_pb_image src=&#8221;https:\/\/ciudaddeportivaartica.es\/wp-content\/uploads\/2020\/06\/gesportpackssparelaxespecialnovias.jpg&#8221; alt=&#8221;Emaztegaiak bereziki&#8221; title_text=&#8221;Emaztegaiak bereziki&#8221; url=&#8221;\/eu\/beauty-spa-artikan\/tratamenduak\/erlaxazio-eta-edertasun-pack-ak\/emaztegaiak-bereziki\/&#8221; align=&#8221;center&#8221; _builder_version=&#8221;4.9.3&#8243; hover_enabled=&#8221;0&#8243; sticky_enabled=&#8221;0&#8243;][\/et_pb_image][et_pb_text admin_label=&#8221;Especial Novias&#8221; _builder_version=&#8221;4.9.3&#8243; header_3_font=&#8221;|700|||||||&#8221; header_3_text_align=&#8221;center&#8221; header_3_text_color=&#8221;#ffffff&#8221; header_3_font_size=&#8221;24px&#8221; header_3_line_height=&#8221;1.2em&#8221; background_color=&#8221;#000000&#8243; custom_margin=&#8221;||||false|false&#8221; custom_padding=&#8221;8px||8px||false|false&#8221; link_option_url=&#8221;\/eu\/beauty-spa-artikan\/tratamenduak\/erlaxazio-eta-edertasun-pack-ak\/emaztegaiak-bereziki\/&#8221; hover_enabled=&#8221;0&#8243; sticky_enabled=&#8221;0&#8243;]<\/p>\n<h3>Emaztegaiak bereziki<\/h3>\n<p>[\/et_pb_text][et_pb_text admin_label=&#8221;3 d\u00edas&#8221; _builder_version=&#8221;4.4.8&#8243; text_font=&#8221;|300|||||||&#8221; text_orientation=&#8221;center&#8221; custom_margin=&#8221;||20px||false|false&#8221; custom_padding=&#8221;0px||||false|false&#8221;]<\/p>\n<p>3 egun<\/p>\n<p>[\/et_pb_text][et_pb_text admin_label=&#8221;Precio 144 \u20ac&#8221; _builder_version=&#8221;4.4.8&#8243; text_font=&#8221;||||||||&#8221; text_font_size=&#8221;28px&#8221; text_orientation=&#8221;center&#8221; custom_margin=&#8221;||10px||false|false&#8221; custom_padding=&#8221;||||false|false&#8221;]<\/p>\n<p>Prezioak <strong>144 \u20ac<\/strong><\/p>\n<p>[\/et_pb_text][et_pb_divider show_divider=&#8221;off&#8221; _builder_version=&#8221;4.0.11&#8243;][\/et_pb_divider][et_pb_text admin_label=&#8221;Botones&#8221; _builder_version=&#8221;4.9.3&#8243; text_text_color=&#8221;#000000&#8243; text_orientation=&#8221;center&#8221; link_option_url=&#8221;https:\/\/ciudaddeportivaartica.es\/eu\/beauty-spa-artikan\/tratamenduak\/aurpegikoak\/spa-tratamendu-ultra-hidratatzailea\/&#8221; hover_enabled=&#8221;0&#8243; sticky_enabled=&#8221;0&#8243;]<a class=\"btnNegro\" href=\"\/eu\/beauty-spa-artikan\/tratamenduak\/erlaxazio-eta-edertasun-pack-ak\/emaztegaiak-bereziki\/\">GEHIAGO JAKIN<\/a><a class=\"btnNegro\" href=\"https:\/\/artica.provis.es\/Login\" target=\"_blank\" rel=\"noopener noreferrer\">ERRESERBA-EROSKETA<\/a>[\/et_pb_text][et_pb_divider show_divider=&#8221;off&#8221; disabled_on=&#8221;off|on|on&#8221; _builder_version=&#8221;4.1&#8243;][\/et_pb_divider][\/et_pb_column][et_pb_column type=&#8221;1_2&#8243; _builder_version=&#8221;4.0.11&#8243;][\/et_pb_column][\/et_pb_row][\/et_pb_section]<\/p>\n","protected":false},"excerpt":{"rendered":"<p>tratamenduakSpa Erlaxazioa Eguneroko estresak gainditzen gaituenean, deskonektatzea da irtenbidea. Eta zer modurik onena hori egiteko, gure egun batzuetako pack-ak, ordubeteko Spa zirkuitua + aukeran dauden tratamenduak barne hartzen dituztenak baino.Ongizate integrala3 egunPrezioak 133 \u20acGEHIAGO JAKINERRESERBA-EROSKETASpa errituala3 egunPrezioak 154 \u20acGEHIAGO JAKINERRESERBA-EROSKETASpa Erlaxazioa EdertasunaEkialdeko erlaxazioa2 egunPrezioak 103 \u20acGEHIAGO JAKINERRESERBA-EROSKETAErlaxazioa eta edertasuna2 egunPrezioak 87 \u20acGEHIAGO JAKINERRESERBA-EROSKETAEmaztegaiak bereziki3 egunPrezioak [&hellip;]<\/p>\n","protected":false},"author":1,"featured_media":0,"parent":6038,"menu_order":0,"comment_status":"closed","ping_status":"closed","template":"","meta":{"_et_pb_use_builder":"on","_et_pb_old_content":"","_et_gb_content_width":"","footnotes":""},"class_list":["post-6525","page","type-page","status-publish","hentry"],"jetpack_sharing_enabled":true,"_links":{"self":[{"href":"https:\/\/ciudaddeportivaartica.es\/eu\/wp-json\/wp\/v2\/pages\/6525","targetHints":{"allow":["GET"]}}],"collection":[{"href":"https:\/\/ciudaddeportivaartica.es\/eu\/wp-json\/wp\/v2\/pages"}],"about":[{"href":"https:\/\/ciudaddeportivaartica.es\/eu\/wp-json\/wp\/v2\/types\/page"}],"author":[{"embeddable":true,"href":"https:\/\/ciudaddeportivaartica.es\/eu\/wp-json\/wp\/v2\/users\/1"}],"replies":[{"embeddable":true,"href":"https:\/\/ciudaddeportivaartica.es\/eu\/wp-json\/wp\/v2\/comments?post=6525"}],"version-history":[{"count":0,"href":"https:\/\/ciudaddeportivaartica.es\/eu\/wp-json\/wp\/v2\/pages\/6525\/revisions"}],"up":[{"embeddable":true,"href":"https:\/\/ciudaddeportivaartica.es\/eu\/wp-json\/wp\/v2\/pages\/6038"}],"wp:attachment":[{"href":"https:\/\/ciudaddeportivaartica.es\/eu\/wp-json\/wp\/v2\/media?parent=6525"}],"curies":[{"name":"wp","href":"https:\/\/api.w.org\/{rel}","templated":true}]}}